{"id":987516245,"date":"2025-01-27T09:01:21","date_gmt":"2025-01-27T09:01:21","guid":{"rendered":"https:\/\/avdreform.it\/gracias\/"},"modified":"2025-05-13T09:38:41","modified_gmt":"2025-05-13T09:38:41","slug":"gracias","status":"publish","type":"page","link":"https:\/\/avdreform.it\/es\/gracias\/","title":{"rendered":"GRACIAS"},"content":{"rendered":"<p>[et_pb_section fb_built=\u00bb1&#8243; custom_padding_last_edited=\u00bbon|phone\u00bb admin_label=\u00bbTBVS &#8211; Dark &#8211; Header 21&#8243; module_class=\u00bbtbvs-section-dark\u00bb _builder_version=\u00bb4.27.0&#8243; _module_preset=\u00bbdefault\u00bb background_enable_color=\u00bboff\u00bb use_background_color_gradient=\u00bbon\u00bb background_color_gradient_stops=\u00bb#002d18 0%|#00703d 100%\u00bb background_enable_image=\u00bboff\u00bb background_blend=\u00bbmultiply\u00bb custom_padding=\u00bb100px||50px||false|false\u00bb custom_padding_tablet=\u00bb200px||100px||false|false\u00bb custom_padding_phone=\u00bb100px||30px||false|false\u00bb bottom_divider_style=\u00bbwave2&#8243; bottom_divider_color=\u00bb#E6F1EC\u00bb bottom_divider_height=\u00bb50px\u00bb background_last_edited=\u00bboff|desktop\u00bb background_image_tablet=\u00bbhttps:\/\/avdreform.it\/wp-content\/uploads\/2024\/06\/Senza-titolo-1.webp\u00bb background_enable_image_tablet=\u00bbon\u00bb locked=\u00bboff\u00bb global_colors_info=\u00bb{}\u00bb][et_pb_row make_equal=\u00bbon\u00bb _builder_version=\u00bb4.27.0&#8243; _module_preset=\u00bbdefault\u00bb width=\u00bb90%\u00bb width_tablet=\u00bb90%\u00bb width_phone=\u00bb90%\u00bb width_last_edited=\u00bbon|desktop\u00bb custom_margin=\u00bb0px||0px||false|false\u00bb custom_padding=\u00bb0px||0px||false|false\u00bb global_colors_info=\u00bb{}\u00bb][et_pb_column type=\u00bb4_4&#8243; _builder_version=\u00bb4.16&#8243; _module_preset=\u00bbdefault\u00bb global_colors_info=\u00bb{}\u00bb][\/et_pb_column][\/et_pb_row][\/et_pb_section][et_pb_section fb_built=\u00bb1&#8243; admin_label=\u00bbHeader &#038; Contact\u00bb _builder_version=\u00bb4.27.0&#8243; _module_preset=\u00bbdefault\u00bb height=\u00bb75vh\u00bb height_tablet=\u00bb90vh\u00bb height_phone=\u00bb65vh\u00bb height_last_edited=\u00bbon|phone\u00bb custom_margin=\u00bb0px||0px||false|false\u00bb custom_padding=\u00bb0px||0px||false|false\u00bb locked=\u00bboff\u00bb collapsed=\u00bbon\u00bb global_colors_info=\u00bb{}\u00bb][et_pb_row _builder_version=\u00bb4.27.0&#8243; _module_preset=\u00bbdefault\u00bb width=\u00bb40%\u00bb width_tablet=\u00bb40%\u00bb width_phone=\u00bb90%\u00bb width_last_edited=\u00bbon|phone\u00bb height=\u00bb60vh\u00bb height_tablet=\u00bb90vh\u00bb height_phone=\u00bb60vh\u00bb height_last_edited=\u00bbon|phone\u00bb custom_margin=\u00bb||0px||false|false\u00bb custom_padding=\u00bb||0px||false|false\u00bb custom_css_main_element=\u00bbdisplay: flex; ||align-items: center; \u00bb global_colors_info=\u00bb{}\u00bb][et_pb_column type=\u00bb4_4&#8243; _builder_version=\u00bb4.25.2&#8243; _module_preset=\u00bbdefault\u00bb global_colors_info=\u00bb{}\u00bb][et_pb_text _builder_version=\u00bb4.27.0&#8243; _module_preset=\u00bb_initial\u00bb text_line_height=\u00bb1.9em\u00bb header_font_size=\u00bb70px\u00bb header_line_height=\u00bb1.5em\u00bb header_2_font=\u00bb||||||||\u00bb header_2_text_color=\u00bb#00703D\u00bb header_2_font_size=\u00bb24px\u00bb header_2_line_height=\u00bb3em\u00bb text_orientation=\u00bbcenter\u00bb custom_margin=\u00bb||0px||false|false\u00bb custom_padding=\u00bb|0px||0px|false|false\u00bb custom_padding_tablet=\u00bb|600px||600px|false|false\u00bb custom_padding_phone=\u00bb|20px||20px|false|false\u00bb custom_padding_last_edited=\u00bbon|phone\u00bb hover_enabled=\u00bb0&#8243; text_font_size_tablet=\u00bb\u00bb text_font_size_phone=\u00bb15px\u00bb text_font_size_last_edited=\u00bbon|phone\u00bb header_font_size_tablet=\u00bb70px\u00bb header_font_size_phone=\u00bb50px\u00bb header_font_size_last_edited=\u00bbon|phone\u00bb header_2_font_size_tablet=\u00bb32px\u00bb header_2_font_size_phone=\u00bb20px\u00bb header_2_font_size_last_edited=\u00bbon|desktop\u00bb text_orientation_tablet=\u00bbcenter\u00bb text_orientation_phone=\u00bbleft\u00bb text_orientation_last_edited=\u00bbon|phone\u00bb locked=\u00bboff\u00bb global_colors_info=\u00bb{}\u00bb content_last_edited=\u00bbon|phone\u00bb sticky_enabled=\u00bb0&#8243; content_tablet=\u00bb<\/p>\n<h1><span data-metadata=%22&lt;!--(figmeta)eyJmaWxlS2V5IjoiWjMyYzg5cm5wcDBuWFp0TkgxMmh5aSIsInBhc3RlSUQiOjY2OTc4OTk2LCJkYXRhVHlwZSI6InNjZW5lIn0K(\/figmeta)--&gt;%22><\/span><b>Grazie!<\/b><\/h1>\n<div class=%22wpb_column vc_column_container vc_col-sm-6%22>\n<div class=%22vc_column-inner %22>\n<div class=%22wpb_wrapper%22>\n<div class=%22wpb_video_widget wpb_content_element vc_clearfix   vc_video-aspect-ratio-169 vc_video-el-width-100 vc_video-align-left%22>\n<div class=%22wpb_wrapper%22>\n<div class=%22wpb_video_wrapper cmplz-placeholder-1 cmplz-blocked-content-container%22 data-placeholder_class_index=%221%22>\n<div class=%22wpb_column vc_column_container vc_col-sm-6%22>\n<div class=%22vc_column-inner %22>\n<div class=%22wpb_wrapper%22>\n<div class=%22wpb_text_column wpb_content_element %22>\n<div class=%22wpb_wrapper%22>\n<div class=%22wpb_column vc_column_container vc_col-sm-8%22>\n<div class=%22vc_column-inner %22>\n<div class=%22wpb_wrapper%22>\n<div class=%22wpb_text_column wpb_content_element %22>\n<div class=%22wpb_wrapper%22>\n<p><span>Grazie per averci contattato! Abbiamo ricevuto con successo le tue informazioni. Il nostro team si occuper\u00e0 della tua richiesta il prima possibile.\u00a0<\/span><span>Se hai ulteriori domande non esitare a contattarci.<\/span><\/p>\n<h2><span style=%22text-decoration: underline;%22><a href=%22avdreform.it%22>TORNA ALLA HOME<\/a><\/span><\/h2>\n<\/div>\n<\/div>\n<\/div>\n<\/div>\n<\/div>\n<\/div>\n<\/div>\n<\/div>\n<\/div>\n<\/div>\n<\/div>\n<\/div>\n<\/div>\n<\/div>\n<\/div>\n<\/div>\n<p>\u00bb content_phone=\u00bb<\/p>\n<h1><span data-metadata=%22&lt;!--(figmeta)eyJmaWxlS2V5IjoiWjMyYzg5cm5wcDBuWFp0TkgxMmh5aSIsInBhc3RlSUQiOjY2OTc4OTk2LCJkYXRhVHlwZSI6InNjZW5lIn0K(\/figmeta)--&gt;%22><\/span><b>Grazie!<\/b><\/h1>\n<div class=%22wpb_column vc_column_container vc_col-sm-6%22>\n<div class=%22vc_column-inner %22>\n<div class=%22wpb_wrapper%22>\n<div class=%22wpb_video_widget wpb_content_element vc_clearfix   vc_video-aspect-ratio-169 vc_video-el-width-100 vc_video-align-left%22>\n<div class=%22wpb_wrapper%22>\n<div class=%22wpb_video_wrapper cmplz-placeholder-1 cmplz-blocked-content-container%22 data-placeholder_class_index=%221%22>\n<div class=%22wpb_column vc_column_container vc_col-sm-6%22>\n<div class=%22vc_column-inner %22>\n<div class=%22wpb_wrapper%22>\n<div class=%22wpb_text_column wpb_content_element %22>\n<div class=%22wpb_wrapper%22>\n<div class=%22wpb_column vc_column_container vc_col-sm-8%22>\n<div class=%22vc_column-inner %22>\n<div class=%22wpb_wrapper%22>\n<div class=%22wpb_text_column wpb_content_element %22>\n<div class=%22wpb_wrapper%22>\n<p><span>Grazie per averci contattato! Abbiamo ricevuto con successo le tue informazioni. Il nostro team si occuper\u00e0 della tua richiesta il prima possibile.\u00a0<\/span><span>Se hai ulteriori domande non esitare a contattarci.<\/span><\/p>\n<h2><span style=%22text-decoration: underline;%22><a href=%22avdreform.it%22>TORNA ALLA HOME<\/a><\/span><\/h2>\n<\/div>\n<\/div>\n<\/div>\n<\/div>\n<\/div>\n<\/div>\n<\/div>\n<\/div>\n<\/div>\n<\/div>\n<\/div>\n<\/div>\n<\/div>\n<\/div>\n<\/div>\n<\/div>\n<p>\u00ab]<\/p>\n<h1><span data-metadata=\"&lt;encoded_tag_open \/&gt;!--(figmeta)eyJmaWxlS2V5IjoiWjMyYzg5cm5wcDBuWFp0TkgxMmh5aSIsInBhc3RlSUQiOjY2OTc4OTk2LCJkYXRhVHlwZSI6InNjZW5lIn0K(\/figmeta)--&lt;encoded_tag_closed \/&gt;\"><\/span><b>Gracias!<\/b><\/h1>\n<div class=\"wpb_column vc_column_container vc_col-sm-6\">\n<div class=\"vc_column-inner \">\n<div class=\"wpb_wrapper\">\n<div class=\"wpb_video_widget wpb_content_element vc_clearfix vc_video-aspect-ratio-169 vc_video-el-width-100 vc_video-align-left\">\n<div class=\"wpb_wrapper\">\n<div class=\"wpb_video_wrapper cmplz-placeholder-1 cmplz-blocked-content-container\" data-placeholder_class_index=\"1\">\n<div class=\"wpb_column vc_column_container vc_col-sm-6\">\n<div class=\"vc_column-inner \">\n<div class=\"wpb_wrapper\">\n<div class=\"wpb_text_column wpb_content_element \">\n<div class=\"wpb_wrapper\">\n<div class=\"wpb_column vc_column_container vc_col-sm-8\">\n<div class=\"vc_column-inner \">\n<div class=\"wpb_wrapper\">\n<div class=\"wpb_text_column wpb_content_element \">\n<div class=\"wpb_wrapper\">\n<p><span>\u00a1Gracias por contactarnos! Hemos recibido correctamente tu informaci\u00f3n. Nuestro equipo atender\u00e1 tu solicitud lo antes posible.   <\/span><span>Si tienes m\u00e1s preguntas, no dudes en contactarnos.<\/span><\/p>\n<h2><span style=\"text-decoration: underline;\"><a href=\"avdreform.it\">VOLVER A LA HOME<\/a><\/span><\/h2>\n<\/div>\n<\/div>\n<\/div>\n<\/div>\n<\/div>\n<\/div>\n<\/div>\n<\/div>\n<\/div>\n<\/div>\n<\/div>\n<\/div>\n<\/div>\n<\/div>\n<\/div>\n<\/div>\n<p>[\/et_pb_text][\/et_pb_column][\/et_pb_row][\/et_pb_section]<\/p>\n","protected":false},"excerpt":{"rendered":"<p>Gracias! \u00a1Gracias por contactarnos! Hemos recibido correctamente tu informaci\u00f3n. Nuestro equipo atender\u00e1 tu solicitud lo antes posible. Si tienes m\u00e1s preguntas, no dudes en contactarnos. VOLVER A LA HOME<\/p>\n","protected":false},"author":1,"featured_media":987515289,"parent":0,"menu_order":0,"comment_status":"closed","ping_status":"closed","template":"","meta":{"_acf_changed":false,"_et_pb_use_builder":"on","_et_pb_old_content":"","_et_gb_content_width":"","footnotes":""},"difl_page_category":[],"class_list":["post-987516245","page","type-page","status-publish","has-post-thumbnail","hentry"],"acf":[],"_links":{"self":[{"href":"https:\/\/avdreform.it\/es\/wp-json\/wp\/v2\/pages\/987516245","targetHints":{"allow":["GET"]}}],"collection":[{"href":"https:\/\/avdreform.it\/es\/wp-json\/wp\/v2\/pages"}],"about":[{"href":"https:\/\/avdreform.it\/es\/wp-json\/wp\/v2\/types\/page"}],"author":[{"embeddable":true,"href":"https:\/\/avdreform.it\/es\/wp-json\/wp\/v2\/users\/1"}],"replies":[{"embeddable":true,"href":"https:\/\/avdreform.it\/es\/wp-json\/wp\/v2\/comments?post=987516245"}],"version-history":[{"count":0,"href":"https:\/\/avdreform.it\/es\/wp-json\/wp\/v2\/pages\/987516245\/revisions"}],"wp:featuredmedia":[{"embeddable":true,"href":"https:\/\/avdreform.it\/es\/wp-json\/wp\/v2\/media\/987515289"}],"wp:attachment":[{"href":"https:\/\/avdreform.it\/es\/wp-json\/wp\/v2\/media?parent=987516245"}],"wp:term":[{"taxonomy":"difl_page_category","embeddable":true,"href":"https:\/\/avdreform.it\/es\/wp-json\/wp\/v2\/difl_page_category?post=987516245"}],"curies":[{"name":"wp","href":"https:\/\/api.w.org\/{rel}","templated":true}]}}