{"id":987516011,"date":"2024-06-10T10:14:37","date_gmt":"2024-06-10T10:14:37","guid":{"rendered":"https:\/\/avdreform.it\/acticolon\/"},"modified":"2025-11-27T03:57:49","modified_gmt":"2025-11-27T03:57:49","slug":"acticolon","status":"publish","type":"product","link":"https:\/\/avdreform.it\/es\/acticolon\/","title":{"rendered":"Acticolon"},"content":{"rendered":"","protected":false},"excerpt":{"rendered":"<p>Complemento alimenticio a base de fermentos l\u00e1cticos vivos gastroprotegidos (10 mil millones por c\u00e1psula), \u00fatil para favorecer el equilibrio de la microflora del colon.<\/p>\n","protected":false},"featured_media":987516840,"comment_status":"open","ping_status":"closed","template":"","meta":{"_acf_changed":false,"_et_pb_use_builder":"","_et_pb_old_content":"","_et_gb_content_width":""},"ingrediente":[],"product_brand":[],"product_cat":[532,533,531],"product_tag":[534],"class_list":{"0":"post-987516011","1":"product","2":"type-product","3":"status-publish","4":"has-post-thumbnail","6":"product_cat-bienestar-intestinal","7":"product_cat-intolerancias-alimentarias","8":"product_cat-linea-probioticos","9":"product_tag-903035020-es","10":"pa_categoria-linea-probioticos","11":"pa_esigenza-bienestar-intestinal","12":"pa_esigenza-intolerancias-alimentarias","14":"first","15":"instock","16":"shipping-taxable","17":"product-type-grouped"},"acf":[],"_links":{"self":[{"href":"https:\/\/avdreform.it\/es\/wp-json\/wp\/v2\/product\/987516011","targetHints":{"allow":["GET"]}}],"collection":[{"href":"https:\/\/avdreform.it\/es\/wp-json\/wp\/v2\/product"}],"about":[{"href":"https:\/\/avdreform.it\/es\/wp-json\/wp\/v2\/types\/product"}],"replies":[{"embeddable":true,"href":"https:\/\/avdreform.it\/es\/wp-json\/wp\/v2\/comments?post=987516011"}],"wp:featuredmedia":[{"embeddable":true,"href":"https:\/\/avdreform.it\/es\/wp-json\/wp\/v2\/media\/987516840"}],"wp:attachment":[{"href":"https:\/\/avdreform.it\/es\/wp-json\/wp\/v2\/media?parent=987516011"}],"wp:term":[{"taxonomy":"ingrediente","embeddable":true,"href":"https:\/\/avdreform.it\/es\/wp-json\/wp\/v2\/ingrediente?post=987516011"},{"taxonomy":"product_brand","embeddable":true,"href":"https:\/\/avdreform.it\/es\/wp-json\/wp\/v2\/product_brand?post=987516011"},{"taxonomy":"product_cat","embeddable":true,"href":"https:\/\/avdreform.it\/es\/wp-json\/wp\/v2\/product_cat?post=987516011"},{"taxonomy":"product_tag","embeddable":true,"href":"https:\/\/avdreform.it\/es\/wp-json\/wp\/v2\/product_tag?post=987516011"}],"curies":[{"name":"wp","href":"https:\/\/api.w.org\/{rel}","templated":true}]}}