{"id":987516013,"date":"2024-06-13T10:37:59","date_gmt":"2024-06-13T10:37:59","guid":{"rendered":"https:\/\/avdreform.it\/bioactiva-c\/"},"modified":"2025-05-20T07:38:26","modified_gmt":"2025-05-20T07:38:26","slug":"bioactiva-c","status":"publish","type":"product","link":"https:\/\/avdreform.it\/es\/bioactiva-c\/","title":{"rendered":"BioActiva C"},"content":{"rendered":"","protected":false},"excerpt":{"rendered":"<p>Bioattiva C contiene un extracto de Rosa canina rico en vitamina C, que ejerce una acci\u00f3n antioxidante natural y resulta especialmente \u00fatil para favorecer las defensas naturales del organismo. Adem\u00e1s, la vitamina C mejora la absorci\u00f3n de los betaglucanos, contribuyendo a aumentar la biodisponibilidad de los hongos medicinales.<\/p>\n","protected":false},"featured_media":987516879,"comment_status":"open","ping_status":"closed","template":"","meta":{"_acf_changed":false,"_et_pb_use_builder":"","_et_pb_old_content":"","_et_gb_content_width":""},"ingrediente":[],"product_brand":[],"product_cat":[496,541,544],"product_tag":[545],"class_list":{"0":"post-987516013","1":"product","2":"type-product","3":"status-publish","4":"has-post-thumbnail","6":"product_cat-defensas-inmunitarias","7":"product_cat-deporte-y-actividad-competitiva","8":"product_cat-linea-especialidades","9":"product_tag-923004752-es","10":"pa_categoria-linea-especialidades","11":"pa_esigenza-defensas-inmunitarias","12":"pa_esigenza-deporte-y-actividad-competitiva","14":"first","15":"instock","16":"shipping-taxable","17":"product-type-grouped"},"acf":[],"_links":{"self":[{"href":"https:\/\/avdreform.it\/es\/wp-json\/wp\/v2\/product\/987516013","targetHints":{"allow":["GET"]}}],"collection":[{"href":"https:\/\/avdreform.it\/es\/wp-json\/wp\/v2\/product"}],"about":[{"href":"https:\/\/avdreform.it\/es\/wp-json\/wp\/v2\/types\/product"}],"replies":[{"embeddable":true,"href":"https:\/\/avdreform.it\/es\/wp-json\/wp\/v2\/comments?post=987516013"}],"wp:featuredmedia":[{"embeddable":true,"href":"https:\/\/avdreform.it\/es\/wp-json\/wp\/v2\/media\/987516879"}],"wp:attachment":[{"href":"https:\/\/avdreform.it\/es\/wp-json\/wp\/v2\/media?parent=987516013"}],"wp:term":[{"taxonomy":"ingrediente","embeddable":true,"href":"https:\/\/avdreform.it\/es\/wp-json\/wp\/v2\/ingrediente?post=987516013"},{"taxonomy":"product_brand","embeddable":true,"href":"https:\/\/avdreform.it\/es\/wp-json\/wp\/v2\/product_brand?post=987516013"},{"taxonomy":"product_cat","embeddable":true,"href":"https:\/\/avdreform.it\/es\/wp-json\/wp\/v2\/product_cat?post=987516013"},{"taxonomy":"product_tag","embeddable":true,"href":"https:\/\/avdreform.it\/es\/wp-json\/wp\/v2\/product_tag?post=987516013"}],"curies":[{"name":"wp","href":"https:\/\/api.w.org\/{rel}","templated":true}]}}