{"id":987516015,"date":"2024-06-13T12:22:37","date_gmt":"2024-06-13T12:22:37","guid":{"rendered":"https:\/\/avdreform.it\/flogisen\/"},"modified":"2026-03-09T02:07:33","modified_gmt":"2026-03-09T02:07:33","slug":"flogisen","status":"publish","type":"product","link":"https:\/\/avdreform.it\/es\/flogisen\/","title":{"rendered":"Flogisen"},"content":{"rendered":"","protected":false},"excerpt":{"rendered":"<p>Complemento alimenticio a base de Curcuma Meriva\u00ae y Curcuma Turmipure Gold\u00ae, con Boswellia BosLiq\u00ae de alta titulaci\u00f3n en \u00e1cidos bosw\u00e9licos<\/p>\n","protected":false},"featured_media":987516915,"comment_status":"open","ping_status":"closed","template":"","meta":{"_acf_changed":false,"_et_pb_use_builder":"","_et_pb_old_content":"","_et_gb_content_width":""},"ingrediente":[],"product_brand":[],"product_cat":[532,506,544],"product_tag":[551],"class_list":{"0":"post-987516015","1":"product","2":"type-product","3":"status-publish","4":"has-post-thumbnail","6":"product_cat-bienestar-intestinal","7":"product_cat-huesos-y-articulaciones","8":"product_cat-linea-especialidades","9":"product_tag-973731096-es","10":"pa_categoria-linea-especialidades","11":"pa_esigenza-bienestar-intestinal","12":"pa_esigenza-huesos-y-articulaciones","14":"first","15":"instock","16":"shipping-taxable","17":"product-type-grouped"},"acf":[],"_links":{"self":[{"href":"https:\/\/avdreform.it\/es\/wp-json\/wp\/v2\/product\/987516015","targetHints":{"allow":["GET"]}}],"collection":[{"href":"https:\/\/avdreform.it\/es\/wp-json\/wp\/v2\/product"}],"about":[{"href":"https:\/\/avdreform.it\/es\/wp-json\/wp\/v2\/types\/product"}],"replies":[{"embeddable":true,"href":"https:\/\/avdreform.it\/es\/wp-json\/wp\/v2\/comments?post=987516015"}],"wp:featuredmedia":[{"embeddable":true,"href":"https:\/\/avdreform.it\/es\/wp-json\/wp\/v2\/media\/987516915"}],"wp:attachment":[{"href":"https:\/\/avdreform.it\/es\/wp-json\/wp\/v2\/media?parent=987516015"}],"wp:term":[{"taxonomy":"ingrediente","embeddable":true,"href":"https:\/\/avdreform.it\/es\/wp-json\/wp\/v2\/ingrediente?post=987516015"},{"taxonomy":"product_brand","embeddable":true,"href":"https:\/\/avdreform.it\/es\/wp-json\/wp\/v2\/product_brand?post=987516015"},{"taxonomy":"product_cat","embeddable":true,"href":"https:\/\/avdreform.it\/es\/wp-json\/wp\/v2\/product_cat?post=987516015"},{"taxonomy":"product_tag","embeddable":true,"href":"https:\/\/avdreform.it\/es\/wp-json\/wp\/v2\/product_tag?post=987516015"}],"curies":[{"name":"wp","href":"https:\/\/api.w.org\/{rel}","templated":true}]}}