{"id":987516017,"date":"2024-06-13T12:50:21","date_gmt":"2024-06-13T12:50:21","guid":{"rendered":"https:\/\/avdreform.it\/immunity-assist-12\/"},"modified":"2025-05-20T07:38:25","modified_gmt":"2025-05-20T07:38:25","slug":"immunity-assist-12","status":"publish","type":"product","link":"https:\/\/avdreform.it\/es\/immunity-assist-12\/","title":{"rendered":"Immunity Assist 12"},"content":{"rendered":"","protected":false},"excerpt":{"rendered":"<p>Immunity Assist 12 es un producto natural con \u03b2-glucanos, Propolis MED<strong><sup>\u00ae<\/sup><\/strong> y gemoderivados seleccionados y espec\u00edficos, formulado para ni\u00f1os a partir de tres a\u00f1os, que favorece las defensas naturales del organismo y la funcionalidad de las primeras v\u00edas respiratorias.<\/p>\n<p><a href=\"https:\/\/avdreform.it\/wp-content\/uploads\/2024\/06\/noglutine@2x-1-300x169-1.png\"><img loading=\"lazy\" decoding=\"async\" class=\"alignnone size-full wp-image-987510304\" src=\"https:\/\/avdreform.it\/wp-content\/uploads\/2024\/06\/noglutine@2x-1-300x169-1.png\" alt=\"\" width=\"144\" height=\"104\" \/><\/a><\/p>\n","protected":false},"featured_media":987516897,"comment_status":"open","ping_status":"closed","template":"","meta":{"_acf_changed":false,"_et_pb_use_builder":"","_et_pb_old_content":"","_et_gb_content_width":""},"ingrediente":[],"product_brand":[],"product_cat":[555,553,496,544,554,325],"product_tag":[556],"class_list":{"0":"post-987516017","1":"product","2":"type-product","3":"status-publish","4":"has-post-thumbnail","6":"product_cat-bienestar-del-bebe","7":"product_cat-bienestar-del-nino","8":"product_cat-defensas-inmunitarias","9":"product_cat-linea-especialidades","10":"product_cat-utilidades","11":"product_cat-lineas-de-productos","12":"product_tag-8059173430277-es","13":"pa_categoria-linea-especialidades","14":"pa_esigenza-bienestar-infantil","15":"pa_esigenza-defensas-inmunitarias","17":"first","18":"instock","19":"shipping-taxable","20":"product-type-grouped"},"acf":[],"_links":{"self":[{"href":"https:\/\/avdreform.it\/es\/wp-json\/wp\/v2\/product\/987516017","targetHints":{"allow":["GET"]}}],"collection":[{"href":"https:\/\/avdreform.it\/es\/wp-json\/wp\/v2\/product"}],"about":[{"href":"https:\/\/avdreform.it\/es\/wp-json\/wp\/v2\/types\/product"}],"replies":[{"embeddable":true,"href":"https:\/\/avdreform.it\/es\/wp-json\/wp\/v2\/comments?post=987516017"}],"wp:featuredmedia":[{"embeddable":true,"href":"https:\/\/avdreform.it\/es\/wp-json\/wp\/v2\/media\/987516897"}],"wp:attachment":[{"href":"https:\/\/avdreform.it\/es\/wp-json\/wp\/v2\/media?parent=987516017"}],"wp:term":[{"taxonomy":"ingrediente","embeddable":true,"href":"https:\/\/avdreform.it\/es\/wp-json\/wp\/v2\/ingrediente?post=987516017"},{"taxonomy":"product_brand","embeddable":true,"href":"https:\/\/avdreform.it\/es\/wp-json\/wp\/v2\/product_brand?post=987516017"},{"taxonomy":"product_cat","embeddable":true,"href":"https:\/\/avdreform.it\/es\/wp-json\/wp\/v2\/product_cat?post=987516017"},{"taxonomy":"product_tag","embeddable":true,"href":"https:\/\/avdreform.it\/es\/wp-json\/wp\/v2\/product_tag?post=987516017"}],"curies":[{"name":"wp","href":"https:\/\/api.w.org\/{rel}","templated":true}]}}