{"id":987516020,"date":"2024-06-13T13:35:49","date_gmt":"2024-06-13T13:35:49","guid":{"rendered":"https:\/\/avdreform.it\/mycoflor\/"},"modified":"2025-05-20T07:38:16","modified_gmt":"2025-05-20T07:38:16","slug":"mycoflor","status":"publish","type":"product","link":"https:\/\/avdreform.it\/es\/mycoflor\/","title":{"rendered":"Mycoflor"},"content":{"rendered":"","protected":false},"excerpt":{"rendered":"<p><span class=\"TFY_Titolo3\">Gracias a la presencia de plantas con acci\u00f3n antibacteriana y antimic\u00f3tica, MYCOFLOR act\u00faa de forma favorable como protector de las mucosas, contrastando la implantaci\u00f3n de hongos y bacterias da\u00f1inas o pat\u00f3genas<\/span><\/p>\n<p><a href=\"https:\/\/avdreform.it\/wp-content\/uploads\/2024\/06\/noglutine@2x-1-300x169-1.png\"><img loading=\"lazy\" decoding=\"async\" class=\"alignnone size-full wp-image-987510304\" src=\"https:\/\/avdreform.it\/wp-content\/uploads\/2024\/06\/noglutine@2x-1-300x169-1.png\" alt=\"\" width=\"144\" height=\"104\" \/><\/a><\/p>\n","protected":false},"featured_media":987516900,"comment_status":"open","ping_status":"closed","template":"","meta":{"_acf_changed":false,"_et_pb_use_builder":"","_et_pb_old_content":"","_et_gb_content_width":""},"ingrediente":[],"product_brand":[],"product_cat":[566,532,563,533,544],"product_tag":[567],"class_list":{"0":"post-987516020","1":"product","2":"type-product","3":"status-publish","4":"has-post-thumbnail","6":"product_cat-bienestar-de-las-vias-urinarias","7":"product_cat-bienestar-intestinal","8":"product_cat-hinchazon-abdominal","9":"product_cat-intolerancias-alimentarias","10":"product_cat-linea-especialidades","11":"product_tag-902032869-es","12":"pa_categoria-linea-especialidades","13":"pa_esigenza-bienestar-de-las-vias-urinarias","14":"pa_esigenza-bienestar-intestinal","15":"pa_esigenza-hinchazon-abdominal","16":"pa_esigenza-intolerancias-alimentarias","18":"first","19":"instock","20":"shipping-taxable","21":"product-type-grouped"},"acf":[],"_links":{"self":[{"href":"https:\/\/avdreform.it\/es\/wp-json\/wp\/v2\/product\/987516020","targetHints":{"allow":["GET"]}}],"collection":[{"href":"https:\/\/avdreform.it\/es\/wp-json\/wp\/v2\/product"}],"about":[{"href":"https:\/\/avdreform.it\/es\/wp-json\/wp\/v2\/types\/product"}],"replies":[{"embeddable":true,"href":"https:\/\/avdreform.it\/es\/wp-json\/wp\/v2\/comments?post=987516020"}],"wp:featuredmedia":[{"embeddable":true,"href":"https:\/\/avdreform.it\/es\/wp-json\/wp\/v2\/media\/987516900"}],"wp:attachment":[{"href":"https:\/\/avdreform.it\/es\/wp-json\/wp\/v2\/media?parent=987516020"}],"wp:term":[{"taxonomy":"ingrediente","embeddable":true,"href":"https:\/\/avdreform.it\/es\/wp-json\/wp\/v2\/ingrediente?post=987516020"},{"taxonomy":"product_brand","embeddable":true,"href":"https:\/\/avdreform.it\/es\/wp-json\/wp\/v2\/product_brand?post=987516020"},{"taxonomy":"product_cat","embeddable":true,"href":"https:\/\/avdreform.it\/es\/wp-json\/wp\/v2\/product_cat?post=987516020"},{"taxonomy":"product_tag","embeddable":true,"href":"https:\/\/avdreform.it\/es\/wp-json\/wp\/v2\/product_tag?post=987516020"}],"curies":[{"name":"wp","href":"https:\/\/api.w.org\/{rel}","templated":true}]}}