{"id":987516022,"date":"2024-06-13T13:49:41","date_gmt":"2024-06-13T13:49:41","guid":{"rendered":"https:\/\/avdreform.it\/serebiotin\/"},"modified":"2025-05-20T07:38:10","modified_gmt":"2025-05-20T07:38:10","slug":"serebiotin","status":"publish","type":"product","link":"https:\/\/avdreform.it\/es\/serebiotin\/","title":{"rendered":"Serebiotin"},"content":{"rendered":"","protected":false},"excerpt":{"rendered":"<p>Suplemento alimenticio a base de fermentos l\u00e1cticos con acci\u00f3n probi\u00f3tica (6 mil millones por c\u00e1psula), \u00fatil para favorecer el equilibrio de la flora bacteriana intestinal en la mujer durante el embarazo y la lactancia.<\/p>\n<p><a href=\"https:\/\/avdreform.it\/wp-content\/uploads\/2024\/06\/noglutine@2x-1-300x169-1.png\"><img loading=\"lazy\" decoding=\"async\" class=\"alignnone wp-image-987510304\" src=\"https:\/\/avdreform.it\/wp-content\/uploads\/2024\/06\/noglutine@2x-1-300x169-1.png\" alt=\"\" width=\"84\" height=\"61\" \/><\/a><\/p>\n","protected":false},"featured_media":987516864,"comment_status":"open","ping_status":"closed","template":"","meta":{"_acf_changed":false,"_et_pb_use_builder":"","_et_pb_old_content":"","_et_gb_content_width":""},"ingrediente":[],"product_brand":[],"product_cat":[574,571,531],"product_tag":[575],"class_list":{"0":"post-987516022","1":"product","2":"type-product","3":"status-publish","4":"has-post-thumbnail","6":"product_cat-bienestar-de-la-mujer","7":"product_cat-embarazo-y-lactancia","8":"product_cat-linea-probioticos","9":"product_tag-8059173430222-es","10":"pa_categoria-bienestar-de-la-mujer","11":"pa_categoria-linea-probioticos","12":"pa_esigenza-embarazo-y-lactancia","14":"first","15":"instock","16":"shipping-taxable","17":"product-type-grouped"},"acf":[],"_links":{"self":[{"href":"https:\/\/avdreform.it\/es\/wp-json\/wp\/v2\/product\/987516022","targetHints":{"allow":["GET"]}}],"collection":[{"href":"https:\/\/avdreform.it\/es\/wp-json\/wp\/v2\/product"}],"about":[{"href":"https:\/\/avdreform.it\/es\/wp-json\/wp\/v2\/types\/product"}],"replies":[{"embeddable":true,"href":"https:\/\/avdreform.it\/es\/wp-json\/wp\/v2\/comments?post=987516022"}],"wp:featuredmedia":[{"embeddable":true,"href":"https:\/\/avdreform.it\/es\/wp-json\/wp\/v2\/media\/987516864"}],"wp:attachment":[{"href":"https:\/\/avdreform.it\/es\/wp-json\/wp\/v2\/media?parent=987516022"}],"wp:term":[{"taxonomy":"ingrediente","embeddable":true,"href":"https:\/\/avdreform.it\/es\/wp-json\/wp\/v2\/ingrediente?post=987516022"},{"taxonomy":"product_brand","embeddable":true,"href":"https:\/\/avdreform.it\/es\/wp-json\/wp\/v2\/product_brand?post=987516022"},{"taxonomy":"product_cat","embeddable":true,"href":"https:\/\/avdreform.it\/es\/wp-json\/wp\/v2\/product_cat?post=987516022"},{"taxonomy":"product_tag","embeddable":true,"href":"https:\/\/avdreform.it\/es\/wp-json\/wp\/v2\/product_tag?post=987516022"}],"curies":[{"name":"wp","href":"https:\/\/api.w.org\/{rel}","templated":true}]}}