{"id":987516025,"date":"2024-06-13T13:42:45","date_gmt":"2024-06-13T13:42:45","guid":{"rendered":"https:\/\/avdreform.it\/performance-forte\/"},"modified":"2025-11-26T18:43:27","modified_gmt":"2025-11-26T18:43:27","slug":"performance-forte","status":"publish","type":"product","link":"https:\/\/avdreform.it\/es\/performance-forte\/","title":{"rendered":"Performance Forte"},"content":{"rendered":"","protected":false},"excerpt":{"rendered":"<p>Suplemento alimenticio compuesto por una mezcla de varios tipos de Cordyceps sinensis, con Rhodiola rosea, Cromo y Magnesio, \u00fatil para favorecer la oxigenaci\u00f3n celular y la recuperaci\u00f3n, incrementando y optimizando el rendimiento f\u00edsico.<\/p>\n<p><span class=\"TFY_Testo1\"><img decoding=\"async\" title=\"PlaySure Logo\" src=\"https:\/\/www.longlife.com\/storage\/wysiwyg\/LOGO_PLAYSURE_RGB.jpg\" alt=\"PlaySure\" width=\"45\" \/><\/span><\/p>\n","protected":false},"featured_media":987517053,"comment_status":"open","ping_status":"closed","template":"","meta":{"_acf_changed":false,"_et_pb_use_builder":"","_et_pb_old_content":"","_et_gb_content_width":""},"ingrediente":[],"product_brand":[],"product_cat":[541,582,506,579],"product_tag":[583],"class_list":{"0":"post-987516025","1":"product","2":"type-product","3":"status-publish","4":"has-post-thumbnail","6":"product_cat-deporte-y-actividad-competitiva","7":"product_cat-hongos-medicinales-aloha-medicinals","8":"product_cat-huesos-y-articulaciones","9":"product_cat-linea-avd-sport-es","10":"product_tag-8059173430147-es","11":"pa_categoria-aloha-medicinals-es","12":"pa_categoria-avd-sport-es","13":"pa_esigenza-deporte-y-actividad-competitiva","14":"pa_esigenza-huesos-y-articulaciones","16":"first","17":"instock","18":"shipping-taxable","19":"product-type-grouped"},"acf":[],"_links":{"self":[{"href":"https:\/\/avdreform.it\/es\/wp-json\/wp\/v2\/product\/987516025","targetHints":{"allow":["GET"]}}],"collection":[{"href":"https:\/\/avdreform.it\/es\/wp-json\/wp\/v2\/product"}],"about":[{"href":"https:\/\/avdreform.it\/es\/wp-json\/wp\/v2\/types\/product"}],"replies":[{"embeddable":true,"href":"https:\/\/avdreform.it\/es\/wp-json\/wp\/v2\/comments?post=987516025"}],"wp:featuredmedia":[{"embeddable":true,"href":"https:\/\/avdreform.it\/es\/wp-json\/wp\/v2\/media\/987517053"}],"wp:attachment":[{"href":"https:\/\/avdreform.it\/es\/wp-json\/wp\/v2\/media?parent=987516025"}],"wp:term":[{"taxonomy":"ingrediente","embeddable":true,"href":"https:\/\/avdreform.it\/es\/wp-json\/wp\/v2\/ingrediente?post=987516025"},{"taxonomy":"product_brand","embeddable":true,"href":"https:\/\/avdreform.it\/es\/wp-json\/wp\/v2\/product_brand?post=987516025"},{"taxonomy":"product_cat","embeddable":true,"href":"https:\/\/avdreform.it\/es\/wp-json\/wp\/v2\/product_cat?post=987516025"},{"taxonomy":"product_tag","embeddable":true,"href":"https:\/\/avdreform.it\/es\/wp-json\/wp\/v2\/product_tag?post=987516025"}],"curies":[{"name":"wp","href":"https:\/\/api.w.org\/{rel}","templated":true}]}}