{"id":987516026,"date":"2024-06-13T13:41:28","date_gmt":"2024-06-13T13:41:28","guid":{"rendered":"https:\/\/avdreform.it\/performance-brain\/"},"modified":"2025-11-26T14:51:53","modified_gmt":"2025-11-26T14:51:53","slug":"performance-brain","status":"publish","type":"product","link":"https:\/\/avdreform.it\/es\/performance-brain\/","title":{"rendered":"Performance Brain"},"content":{"rendered":"","protected":false},"excerpt":{"rendered":"<p>Suplemento alimenticio a base de Reishi, Cognivia\u2122 y Bacopin\u00ae, \u00fatil para mejorar la memoria y la concentraci\u00f3n, optimizando el rendimiento cognitivo y reduciendo la percepci\u00f3n del estr\u00e9s durante cada desempe\u00f1o.<\/p>\n","protected":false},"featured_media":987517050,"comment_status":"open","ping_status":"closed","template":"","meta":{"_acf_changed":false,"_et_pb_use_builder":"","_et_pb_old_content":"","_et_gb_content_width":""},"ingrediente":[],"product_brand":[],"product_cat":[541,579],"product_tag":[584],"class_list":{"0":"post-987516026","1":"product","2":"type-product","3":"status-publish","4":"has-post-thumbnail","6":"product_cat-deporte-y-actividad-competitiva","7":"product_cat-linea-avd-sport-es","8":"product_tag-8059173430123-es","9":"pa_categoria-avd-sport-es","10":"pa_esigenza-deporte-y-actividad-competitiva","12":"first","13":"instock","14":"shipping-taxable","15":"product-type-grouped"},"acf":[],"_links":{"self":[{"href":"https:\/\/avdreform.it\/es\/wp-json\/wp\/v2\/product\/987516026","targetHints":{"allow":["GET"]}}],"collection":[{"href":"https:\/\/avdreform.it\/es\/wp-json\/wp\/v2\/product"}],"about":[{"href":"https:\/\/avdreform.it\/es\/wp-json\/wp\/v2\/types\/product"}],"replies":[{"embeddable":true,"href":"https:\/\/avdreform.it\/es\/wp-json\/wp\/v2\/comments?post=987516026"}],"wp:featuredmedia":[{"embeddable":true,"href":"https:\/\/avdreform.it\/es\/wp-json\/wp\/v2\/media\/987517050"}],"wp:attachment":[{"href":"https:\/\/avdreform.it\/es\/wp-json\/wp\/v2\/media?parent=987516026"}],"wp:term":[{"taxonomy":"ingrediente","embeddable":true,"href":"https:\/\/avdreform.it\/es\/wp-json\/wp\/v2\/ingrediente?post=987516026"},{"taxonomy":"product_brand","embeddable":true,"href":"https:\/\/avdreform.it\/es\/wp-json\/wp\/v2\/product_brand?post=987516026"},{"taxonomy":"product_cat","embeddable":true,"href":"https:\/\/avdreform.it\/es\/wp-json\/wp\/v2\/product_cat?post=987516026"},{"taxonomy":"product_tag","embeddable":true,"href":"https:\/\/avdreform.it\/es\/wp-json\/wp\/v2\/product_tag?post=987516026"}],"curies":[{"name":"wp","href":"https:\/\/api.w.org\/{rel}","templated":true}]}}